{"id":18,"date":"2023-03-29T16:17:35","date_gmt":"2023-03-29T19:17:35","guid":{"rendered":"https:\/\/siteprofissional.thaissuenia.com.br\/?page_id=18"},"modified":"2023-04-05T01:39:22","modified_gmt":"2023-04-05T04:39:22","slug":"site-profissional","status":"publish","type":"page","link":"https:\/\/siteprofissional.thaissuenia.com.br\/","title":{"rendered":"Site Profissional"},"content":{"rendered":"\t\t<div data-elementor-type=\"wp-page\" data-elementor-id=\"18\" class=\"elementor elementor-18\">\n\t\t\t\t\t\t\t\t\t<section class=\"elementor-section elementor-top-section elementor-element elementor-element-a172476 elementor-section-content-top elementor-section-boxed elementor-section-height-default elementor-section-height-default\" data-id=\"a172476\" data-element_type=\"section\" data-settings=\"{&quot;background_background&quot;:&quot;classic&quot;}\">\n\t\t\t\t\t\t<div class=\"elementor-container elementor-column-gap-no\">\n\t\t\t\t\t<div class=\"elementor-column elementor-col-50 elementor-top-column elementor-element elementor-element-d66a4f3\" data-id=\"d66a4f3\" data-element_type=\"column\">\n\t\t\t<div class=\"elementor-widget-wrap elementor-element-populated\">\n\t\t\t\t\t\t\t\t<div class=\"elementor-element elementor-element-3c6bfe0 elementor-widget elementor-widget-image\" data-id=\"3c6bfe0\" data-element_type=\"widget\" data-widget_type=\"image.default\">\n\t\t\t\t<div class=\"elementor-widget-container\">\n\t\t\t<style>\/*! elementor - v3.12.0 - 29-03-2023 *\/\n.elementor-widget-image{text-align:center}.elementor-widget-image a{display:inline-block}.elementor-widget-image a img[src$=\".svg\"]{width:48px}.elementor-widget-image img{vertical-align:middle;display:inline-block}<\/style>\t\t\t\t\t\t\t\t\t\t\t\t<img decoding=\"async\" width=\"258\" height=\"50\" src=\"https:\/\/siteprofissional.thaissuenia.com.br\/wp-content\/uploads\/2023\/03\/logo.png\" class=\"attachment-large size-large wp-image-9\" alt=\"logo\" loading=\"lazy\" \/>\t\t\t\t\t\t\t\t\t\t\t\t\t\t\t<\/div>\n\t\t\t\t<\/div>\n\t\t\t\t<div class=\"elementor-element elementor-element-509be82 elementor-widget elementor-widget-heading\" data-id=\"509be82\" data-element_type=\"widget\" data-widget_type=\"heading.default\">\n\t\t\t\t<div class=\"elementor-widget-container\">\n\t\t\t<style>\/*! elementor - v3.12.0 - 29-03-2023 *\/\n.elementor-heading-title{padding:0;margin:0;line-height:1}.elementor-widget-heading .elementor-heading-title[class*=elementor-size-]>a{color:inherit;font-size:inherit;line-height:inherit}.elementor-widget-heading .elementor-heading-title.elementor-size-small{font-size:15px}.elementor-widget-heading .elementor-heading-title.elementor-size-medium{font-size:19px}.elementor-widget-heading .elementor-heading-title.elementor-size-large{font-size:29px}.elementor-widget-heading .elementor-heading-title.elementor-size-xl{font-size:39px}.elementor-widget-heading .elementor-heading-title.elementor-size-xxl{font-size:59px}<\/style><h1 class=\"elementor-heading-title elementor-size-default\">Voc\u00ea precisa de um<br><i><b>site profissional<\/b><\/i><\/h1>\t\t<\/div>\n\t\t\t\t<\/div>\n\t\t\t\t<div class=\"elementor-element elementor-element-aa48ecf elementor-widget elementor-widget-heading\" data-id=\"aa48ecf\" data-element_type=\"widget\" data-widget_type=\"heading.default\">\n\t\t\t\t<div class=\"elementor-widget-container\">\n\t\t\t<h2 class=\"elementor-heading-title elementor-size-default\">Impulsione sua presen\u00e7a online com um site<br>\nprofissional para o seu <b>consult\u00f3rio m\u00e9dico<\/b><\/h2>\t\t<\/div>\n\t\t\t\t<\/div>\n\t\t\t\t\t<\/div>\n\t\t<\/div>\n\t\t\t\t<div class=\"elementor-column elementor-col-50 elementor-top-column elementor-element elementor-element-9ba8786\" data-id=\"9ba8786\" data-element_type=\"column\">\n\t\t\t<div class=\"elementor-widget-wrap\">\n\t\t\t\t\t\t\t\t\t<\/div>\n\t\t<\/div>\n\t\t\t\t\t\t\t<\/div>\n\t\t<\/section>\n\t\t\t\t<section class=\"elementor-section elementor-top-section elementor-element elementor-element-a254141 elementor-section-boxed elementor-section-height-default elementor-section-height-default\" data-id=\"a254141\" data-element_type=\"section\" data-settings=\"{&quot;background_background&quot;:&quot;classic&quot;}\">\n\t\t\t\t\t\t<div class=\"elementor-container elementor-column-gap-default\">\n\t\t\t\t\t<div class=\"elementor-column elementor-col-100 elementor-top-column elementor-element elementor-element-713d130\" data-id=\"713d130\" data-element_type=\"column\">\n\t\t\t<div class=\"elementor-widget-wrap elementor-element-populated\">\n\t\t\t\t\t\t\t\t<div class=\"elementor-element elementor-element-aaa421b elementor-widget elementor-widget-text-editor\" data-id=\"aaa421b\" data-element_type=\"widget\" data-widget_type=\"text-editor.default\">\n\t\t\t\t<div class=\"elementor-widget-container\">\n\t\t\t<style>\/*! elementor - v3.12.0 - 29-03-2023 *\/\n.elementor-widget-text-editor.elementor-drop-cap-view-stacked .elementor-drop-cap{background-color:#69727d;color:#fff}.elementor-widget-text-editor.elementor-drop-cap-view-framed .elementor-drop-cap{color:#69727d;border:3px solid;background-color:transparent}.elementor-widget-text-editor:not(.elementor-drop-cap-view-default) .elementor-drop-cap{margin-top:8px}.elementor-widget-text-editor:not(.elementor-drop-cap-view-default) .elementor-drop-cap-letter{width:1em;height:1em}.elementor-widget-text-editor .elementor-drop-cap{float:left;text-align:center;line-height:1;font-size:50px}.elementor-widget-text-editor .elementor-drop-cap-letter{display:inline-block}<\/style>\t\t\t\t<p>A presen\u00e7a online \u00e9 <strong>fundamental para qualquer empresa<\/strong>, e isso inclui consult\u00f3rios e cl\u00ednicas m\u00e9dicas. Afinal, os pacientes em potencial est\u00e3o cada vez mais pesquisando na internet antes de escolherem um profissional de sa\u00fade para se consultar.<\/p><p>Se voc\u00ea ainda n\u00e3o tem um site para sua empresa, est\u00e1 perdendo uma grande oportunidade de conquistar novos pacientes, de ser encontrado atrav\u00e9s do google e de destacar-se no mercado.<\/p>\t\t\t\t\t\t<\/div>\n\t\t\t\t<\/div>\n\t\t\t\t\t<\/div>\n\t\t<\/div>\n\t\t\t\t\t\t\t<\/div>\n\t\t<\/section>\n\t\t\t\t<section class=\"elementor-section elementor-top-section elementor-element elementor-element-2985353 elementor-section-boxed elementor-section-height-default elementor-section-height-default\" data-id=\"2985353\" data-element_type=\"section\" data-settings=\"{&quot;background_background&quot;:&quot;classic&quot;}\">\n\t\t\t\t\t\t<div class=\"elementor-container elementor-column-gap-default\">\n\t\t\t\t\t<div class=\"elementor-column elementor-col-50 elementor-top-column elementor-element elementor-element-dd3d333\" data-id=\"dd3d333\" data-element_type=\"column\">\n\t\t\t<div class=\"elementor-widget-wrap elementor-element-populated\">\n\t\t\t\t\t\t\t\t<div class=\"elementor-element elementor-element-407f75c elementor-widget elementor-widget-heading\" data-id=\"407f75c\" data-element_type=\"widget\" data-widget_type=\"heading.default\">\n\t\t\t\t<div class=\"elementor-widget-container\">\n\t\t\t<h2 class=\"elementor-heading-title elementor-size-default\">Por que ter um site?<\/h2>\t\t<\/div>\n\t\t\t\t<\/div>\n\t\t\t\t\t<\/div>\n\t\t<\/div>\n\t\t\t\t<div class=\"elementor-column elementor-col-50 elementor-top-column elementor-element elementor-element-16e9ff8\" data-id=\"16e9ff8\" data-element_type=\"column\">\n\t\t\t<div class=\"elementor-widget-wrap elementor-element-populated\">\n\t\t\t\t\t\t\t\t<div class=\"elementor-element elementor-element-39bc92a elementor-widget elementor-widget-image\" data-id=\"39bc92a\" data-element_type=\"widget\" data-widget_type=\"image.default\">\n\t\t\t\t<div class=\"elementor-widget-container\">\n\t\t\t\t\t\t\t\t\t\t\t\t\t\t\t<img decoding=\"async\" width=\"800\" height=\"428\" src=\"https:\/\/siteprofissional.thaissuenia.com.br\/wp-content\/uploads\/2023\/03\/Home-3-1024x548.png\" class=\"attachment-large size-large wp-image-55\" alt=\"icon-seringa\" loading=\"lazy\" srcset=\"https:\/\/siteprofissional.thaissuenia.com.br\/wp-content\/uploads\/2023\/03\/Home-3-1024x548.png 1024w, https:\/\/siteprofissional.thaissuenia.com.br\/wp-content\/uploads\/2023\/03\/Home-3-300x161.png 300w, https:\/\/siteprofissional.thaissuenia.com.br\/wp-content\/uploads\/2023\/03\/Home-3-768x411.png 768w, https:\/\/siteprofissional.thaissuenia.com.br\/wp-content\/uploads\/2023\/03\/Home-3.png 1366w\" sizes=\"(max-width: 800px) 100vw, 800px\" \/>\t\t\t\t\t\t\t\t\t\t\t\t\t\t\t<\/div>\n\t\t\t\t<\/div>\n\t\t\t\t\t<\/div>\n\t\t<\/div>\n\t\t\t\t\t\t\t<\/div>\n\t\t<\/section>\n\t\t\t\t<section class=\"elementor-section elementor-top-section elementor-element elementor-element-271e759 elementor-section-content-middle elementor-section-boxed elementor-section-height-default elementor-section-height-default\" data-id=\"271e759\" data-element_type=\"section\" data-settings=\"{&quot;background_background&quot;:&quot;classic&quot;}\">\n\t\t\t\t\t\t<div class=\"elementor-container elementor-column-gap-default\">\n\t\t\t\t\t<div class=\"elementor-column elementor-col-50 elementor-top-column elementor-element elementor-element-71ec84b\" data-id=\"71ec84b\" data-element_type=\"column\">\n\t\t\t<div class=\"elementor-widget-wrap elementor-element-populated\">\n\t\t\t\t\t\t\t\t<div class=\"elementor-element elementor-element-3aa77ab elementor-widget elementor-widget-heading\" data-id=\"3aa77ab\" data-element_type=\"widget\" data-settings=\"{&quot;_animation&quot;:&quot;none&quot;}\" data-widget_type=\"heading.default\">\n\t\t\t\t<div class=\"elementor-widget-container\">\n\t\t\t<h3 class=\"elementor-heading-title elementor-size-default\">Para se destacar no mercado<\/h3>\t\t<\/div>\n\t\t\t\t<\/div>\n\t\t\t\t<div class=\"elementor-element elementor-element-715a1df elementor-widget elementor-widget-heading\" data-id=\"715a1df\" data-element_type=\"widget\" data-widget_type=\"heading.default\">\n\t\t\t\t<div class=\"elementor-widget-container\">\n\t\t\t<h3 class=\"elementor-heading-title elementor-size-default\">Transmitir credibilidade e confian\u00e7a aos pacientes em potencial<\/h3>\t\t<\/div>\n\t\t\t\t<\/div>\n\t\t\t\t\t<\/div>\n\t\t<\/div>\n\t\t\t\t<div class=\"elementor-column elementor-col-50 elementor-top-column elementor-element elementor-element-e4d12c2\" data-id=\"e4d12c2\" data-element_type=\"column\">\n\t\t\t<div class=\"elementor-widget-wrap elementor-element-populated\">\n\t\t\t\t\t\t\t\t<div class=\"elementor-element elementor-element-6471e85 elementor-widget elementor-widget-heading\" data-id=\"6471e85\" data-element_type=\"widget\" data-widget_type=\"heading.default\">\n\t\t\t\t<div class=\"elementor-widget-container\">\n\t\t\t<h3 class=\"elementor-heading-title elementor-size-default\">Reunir informa\u00e7\u00f5es necess\u00e1rias para seu<br> paciente entender sobre voc\u00ea<\/h3>\t\t<\/div>\n\t\t\t\t<\/div>\n\t\t\t\t<div class=\"elementor-element elementor-element-8bb2d6a elementor-widget elementor-widget-heading\" data-id=\"8bb2d6a\" data-element_type=\"widget\" data-widget_type=\"heading.default\">\n\t\t\t\t<div class=\"elementor-widget-container\">\n\t\t\t<h3 class=\"elementor-heading-title elementor-size-default\">Aparecer nos primeiros resultados do Google, aumentando a visibilidade<\/h3>\t\t<\/div>\n\t\t\t\t<\/div>\n\t\t\t\t\t<\/div>\n\t\t<\/div>\n\t\t\t\t\t\t\t<\/div>\n\t\t<\/section>\n\t\t\t\t<section class=\"elementor-section elementor-top-section elementor-element elementor-element-defc512 elementor-section-boxed elementor-section-height-default elementor-section-height-default\" data-id=\"defc512\" data-element_type=\"section\" data-settings=\"{&quot;background_background&quot;:&quot;classic&quot;}\">\n\t\t\t\t\t\t<div class=\"elementor-container elementor-column-gap-default\">\n\t\t\t\t\t<div class=\"elementor-column elementor-col-100 elementor-top-column elementor-element elementor-element-170fbd6\" data-id=\"170fbd6\" data-element_type=\"column\">\n\t\t\t<div class=\"elementor-widget-wrap elementor-element-populated\">\n\t\t\t\t\t\t\t\t<div class=\"elementor-element elementor-element-25ed2b1 elementor-align-center animated-slow elementor-invisible elementor-widget elementor-widget-button\" data-id=\"25ed2b1\" data-element_type=\"widget\" data-settings=\"{&quot;_animation&quot;:&quot;fadeIn&quot;,&quot;_animation_delay&quot;:6}\" data-widget_type=\"button.default\">\n\t\t\t\t<div class=\"elementor-widget-container\">\n\t\t\t\t\t<div class=\"elementor-button-wrapper\">\n\t\t\t<a href=\"https:\/\/wa.me\/message\/XARMQOM7LYXAF1\" target=\"_blank\" class=\"elementor-button-link elementor-button elementor-size-lg\" role=\"button\">\n\t\t\t\t\t\t<span class=\"elementor-button-content-wrapper\">\n\t\t\t\t\t\t<span class=\"elementor-button-text\">Quero or\u00e7ar agora!<\/span>\n\t\t<\/span>\n\t\t\t\t\t<\/a>\n\t\t<\/div>\n\t\t\t\t<\/div>\n\t\t\t\t<\/div>\n\t\t\t\t\t<\/div>\n\t\t<\/div>\n\t\t\t\t\t\t\t<\/div>\n\t\t<\/section>\n\t\t\t\t<section class=\"elementor-section elementor-top-section elementor-element elementor-element-d2a6123 elementor-section-boxed elementor-section-height-default elementor-section-height-default\" data-id=\"d2a6123\" data-element_type=\"section\">\n\t\t\t\t\t\t<div class=\"elementor-container elementor-column-gap-default\">\n\t\t\t\t\t<div class=\"elementor-column elementor-col-100 elementor-top-column elementor-element elementor-element-c142d88\" data-id=\"c142d88\" data-element_type=\"column\">\n\t\t\t<div class=\"elementor-widget-wrap elementor-element-populated\">\n\t\t\t\t\t\t\t\t<div class=\"elementor-element elementor-element-3db461b elementor-widget elementor-widget-heading\" data-id=\"3db461b\" data-element_type=\"widget\" data-widget_type=\"heading.default\">\n\t\t\t\t<div class=\"elementor-widget-container\">\n\t\t\t<h1 class=\"elementor-heading-title elementor-size-default\">Como podemos te ajudar?<\/h1>\t\t<\/div>\n\t\t\t\t<\/div>\n\t\t\t\t<div class=\"elementor-element elementor-element-0f28d89 elementor-widget elementor-widget-text-editor\" data-id=\"0f28d89\" data-element_type=\"widget\" data-widget_type=\"text-editor.default\">\n\t\t\t\t<div class=\"elementor-widget-container\">\n\t\t\t\t\t\t\t<p><span class=\"S1PPyQ\">Aqui oferecemos solu\u00e7\u00f5es completas de <\/span><strong><span class=\"S1PPyQ\">site <\/span><\/strong><span class=\"S1PPyQ\">e<\/span><strong><span class=\"S1PPyQ\"> landing page<\/span><\/strong><span class=\"S1PPyQ\"> personalizadas para cl\u00ednicas e consult\u00f3rios de todas as especialidades.<\/span><\/p><p><span class=\"S1PPyQ\">Nossa equipe de especialistas em marketing digital trabalha com voc\u00ea para criar uma p\u00e1gina moderno, responsivo e personalizado, que atenda \u00e0s suas necessidades e objetivos online.<\/span><\/p>\t\t\t\t\t\t<\/div>\n\t\t\t\t<\/div>\n\t\t\t\t<div class=\"elementor-element elementor-element-6fdf24c elementor-widget elementor-widget-heading\" data-id=\"6fdf24c\" data-element_type=\"widget\" data-widget_type=\"heading.default\">\n\t\t\t\t<div class=\"elementor-widget-container\">\n\t\t\t<h1 class=\"elementor-heading-title elementor-size-default\">Nossas solu\u00e7\u00f5es<\/h1>\t\t<\/div>\n\t\t\t\t<\/div>\n\t\t\t\t\t<\/div>\n\t\t<\/div>\n\t\t\t\t\t\t\t<\/div>\n\t\t<\/section>\n\t\t\t\t<section class=\"elementor-section elementor-top-section elementor-element elementor-element-12a2457 elementor-section-boxed elementor-section-height-default elementor-section-height-default\" data-id=\"12a2457\" data-element_type=\"section\">\n\t\t\t\t\t\t<div class=\"elementor-container elementor-column-gap-default\">\n\t\t\t\t\t<div class=\"elementor-column elementor-col-33 elementor-top-column elementor-element elementor-element-af02df4\" data-id=\"af02df4\" data-element_type=\"column\">\n\t\t\t<div class=\"elementor-widget-wrap elementor-element-populated\">\n\t\t\t\t\t\t\t\t<div class=\"elementor-element elementor-element-e146765 elementor-widget elementor-widget-heading\" data-id=\"e146765\" data-element_type=\"widget\" data-widget_type=\"heading.default\">\n\t\t\t\t<div class=\"elementor-widget-container\">\n\t\t\t<h2 class=\"elementor-heading-title elementor-size-default\">Site Basic<\/h2>\t\t<\/div>\n\t\t\t\t<\/div>\n\t\t\t\t<div class=\"elementor-element elementor-element-d38b691 elementor-widget elementor-widget-text-editor\" data-id=\"d38b691\" data-element_type=\"widget\" data-widget_type=\"text-editor.default\">\n\t\t\t\t<div class=\"elementor-widget-container\">\n\t\t\t\t\t\t\t<ul><li><span class=\"S1PPyQ\">Layout responsivo e de acordo com a identidade visual do cliente;<\/span><\/li><li>1 p\u00e1gina;<\/li><li><span class=\"S1PPyQ\">Google Analytics com Tag Manager;<\/span><\/li><li><span class=\"S1PPyQ\">SEO<\/span><\/li><li><span class=\"S1PPyQ\">Conte\u00fado enviado pelo cliente;<\/span><\/li><li><span class=\"S1PPyQ\">Base estruturada de programa\u00e7\u00e3o em WordPress;<\/span><\/li><li><span class=\"S1PPyQ\">Instala\u00e7\u00e3o de Pixel &#8211; Facebook.<\/span><\/li><\/ul>\t\t\t\t\t\t<\/div>\n\t\t\t\t<\/div>\n\t\t\t\t\t<\/div>\n\t\t<\/div>\n\t\t\t\t<div class=\"elementor-column elementor-col-33 elementor-top-column elementor-element elementor-element-66a75a8\" data-id=\"66a75a8\" data-element_type=\"column\">\n\t\t\t<div class=\"elementor-widget-wrap elementor-element-populated\">\n\t\t\t\t\t\t\t\t<div class=\"elementor-element elementor-element-27e36ab elementor-widget elementor-widget-heading\" data-id=\"27e36ab\" data-element_type=\"widget\" data-widget_type=\"heading.default\">\n\t\t\t\t<div class=\"elementor-widget-container\">\n\t\t\t<h2 class=\"elementor-heading-title elementor-size-default\">Site Medium<\/h2>\t\t<\/div>\n\t\t\t\t<\/div>\n\t\t\t\t<div class=\"elementor-element elementor-element-e03b48f elementor-widget elementor-widget-text-editor\" data-id=\"e03b48f\" data-element_type=\"widget\" data-widget_type=\"text-editor.default\">\n\t\t\t\t<div class=\"elementor-widget-container\">\n\t\t\t\t\t\t\t<ul><li><span class=\"S1PPyQ\">Layout responsivo e de acordo com a identidade visual do cliente;<\/span><\/li><li><span class=\"S1PPyQ\">At\u00e9 3 p\u00e1ginas;<\/span><\/li><li><span class=\"S1PPyQ\">Google Analytics com Tag Manager;<\/span><\/li><li>SEO;<\/li><li><span class=\"S1PPyQ\">Conte\u00fado enviado pelo cliente;<\/span><\/li><li><span class=\"S1PPyQ\">Base estruturada de programa\u00e7\u00e3o em WordPress;<\/span><\/li><li><span class=\"S1PPyQ\">Instala\u00e7\u00e3o de Pixel &#8211; Facebook.<\/span><\/li><\/ul>\t\t\t\t\t\t<\/div>\n\t\t\t\t<\/div>\n\t\t\t\t\t<\/div>\n\t\t<\/div>\n\t\t\t\t<div class=\"elementor-column elementor-col-33 elementor-top-column elementor-element elementor-element-30cb930\" data-id=\"30cb930\" data-element_type=\"column\">\n\t\t\t<div class=\"elementor-widget-wrap elementor-element-populated\">\n\t\t\t\t\t\t\t\t<div class=\"elementor-element elementor-element-ad75424 elementor-widget elementor-widget-heading\" data-id=\"ad75424\" data-element_type=\"widget\" data-widget_type=\"heading.default\">\n\t\t\t\t<div class=\"elementor-widget-container\">\n\t\t\t<h2 class=\"elementor-heading-title elementor-size-default\">Site Premium<\/h2>\t\t<\/div>\n\t\t\t\t<\/div>\n\t\t\t\t<div class=\"elementor-element elementor-element-a900873 elementor-widget elementor-widget-text-editor\" data-id=\"a900873\" data-element_type=\"widget\" data-widget_type=\"text-editor.default\">\n\t\t\t\t<div class=\"elementor-widget-container\">\n\t\t\t\t\t\t\t<ul><li><span class=\"S1PPyQ\">Layout responsivo e de acordo com a identidade visual do cliente;<\/span><\/li><li><span class=\"S1PPyQ\">At\u00e9 10 p\u00e1ginas;<\/span><\/li><li><span class=\"S1PPyQ\">Google Analytics com Tag Manager;<\/span><\/li><li><span class=\"S1PPyQ\">Conte\u00fado enviado pelo cliente;<\/span><\/li><li><span class=\"S1PPyQ\">SEO;<\/span><\/li><li><span class=\"S1PPyQ\">Base estruturada de programa\u00e7\u00e3o em WordPress;<\/span><\/li><li><span class=\"S1PPyQ\">Sistema de login, pagamento, \u00e1rea de adm, chat, pagamento, usu\u00e1rio, blog, adm, etc (caso o cliente queira).<\/span><\/li><\/ul>\t\t\t\t\t\t<\/div>\n\t\t\t\t<\/div>\n\t\t\t\t\t<\/div>\n\t\t<\/div>\n\t\t\t\t\t\t\t<\/div>\n\t\t<\/section>\n\t\t\t\t<section class=\"elementor-section elementor-top-section elementor-element elementor-element-cecd3f7 elementor-section-boxed elementor-section-height-default elementor-section-height-default\" data-id=\"cecd3f7\" data-element_type=\"section\">\n\t\t\t\t\t\t<div class=\"elementor-container elementor-column-gap-default\">\n\t\t\t\t\t<div class=\"elementor-column elementor-col-100 elementor-top-column elementor-element elementor-element-f76cea6\" data-id=\"f76cea6\" data-element_type=\"column\">\n\t\t\t<div class=\"elementor-widget-wrap elementor-element-populated\">\n\t\t\t\t\t\t\t\t<div class=\"elementor-element elementor-element-f0021e0 elementor-align-center animated-slow elementor-invisible elementor-widget elementor-widget-button\" data-id=\"f0021e0\" data-element_type=\"widget\" data-settings=\"{&quot;_animation&quot;:&quot;pulse&quot;}\" data-widget_type=\"button.default\">\n\t\t\t\t<div class=\"elementor-widget-container\">\n\t\t\t\t\t<div class=\"elementor-button-wrapper\">\n\t\t\t<a href=\"https:\/\/wa.me\/message\/XARMQOM7LYXAF1\" target=\"_blank\" class=\"elementor-button-link elementor-button elementor-size-lg\" role=\"button\">\n\t\t\t\t\t\t<span class=\"elementor-button-content-wrapper\">\n\t\t\t\t\t\t<span class=\"elementor-button-text\">Quero or\u00e7ar agora meu site!<\/span>\n\t\t<\/span>\n\t\t\t\t\t<\/a>\n\t\t<\/div>\n\t\t\t\t<\/div>\n\t\t\t\t<\/div>\n\t\t\t\t\t<\/div>\n\t\t<\/div>\n\t\t\t\t\t\t\t<\/div>\n\t\t<\/section>\n\t\t\t\t\t\t\t<\/div>\n\t\t","protected":false},"excerpt":{"rendered":"<p>Voc\u00ea precisa de umsite profissional Impulsione sua presen\u00e7a online com um site profissional para o seu consult\u00f3rio m\u00e9dico A presen\u00e7a online \u00e9 fundamental para qualquer empresa, e isso inclui consult\u00f3rios e cl\u00ednicas m\u00e9dicas. Afinal, os pacientes em potencial est\u00e3o cada vez mais pesquisando na internet antes de escolherem um profissional de sa\u00fade para se consultar. [&hellip;]<\/p>\n","protected":false},"author":1,"featured_media":0,"parent":0,"menu_order":0,"comment_status":"closed","ping_status":"closed","template":"elementor_header_footer","meta":[],"_links":{"self":[{"href":"https:\/\/siteprofissional.thaissuenia.com.br\/index.php\/wp-json\/wp\/v2\/pages\/18"}],"collection":[{"href":"https:\/\/siteprofissional.thaissuenia.com.br\/index.php\/wp-json\/wp\/v2\/pages"}],"about":[{"href":"https:\/\/siteprofissional.thaissuenia.com.br\/index.php\/wp-json\/wp\/v2\/types\/page"}],"author":[{"embeddable":true,"href":"https:\/\/siteprofissional.thaissuenia.com.br\/index.php\/wp-json\/wp\/v2\/users\/1"}],"replies":[{"embeddable":true,"href":"https:\/\/siteprofissional.thaissuenia.com.br\/index.php\/wp-json\/wp\/v2\/comments?post=18"}],"version-history":[{"count":100,"href":"https:\/\/siteprofissional.thaissuenia.com.br\/index.php\/wp-json\/wp\/v2\/pages\/18\/revisions"}],"predecessor-version":[{"id":139,"href":"https:\/\/siteprofissional.thaissuenia.com.br\/index.php\/wp-json\/wp\/v2\/pages\/18\/revisions\/139"}],"wp:attachment":[{"href":"https:\/\/siteprofissional.thaissuenia.com.br\/index.php\/wp-json\/wp\/v2\/media?parent=18"}],"curies":[{"name":"wp","href":"https:\/\/api.w.org\/{rel}","templated":true}]}}